{"id":282,"date":"2022-06-20T23:43:43","date_gmt":"2022-06-20T23:43:43","guid":{"rendered":"https:\/\/caboconcierge.com\/?page_id=282"},"modified":"2025-03-03T18:10:52","modified_gmt":"2025-03-03T18:10:52","slug":"nosotros","status":"publish","type":"page","link":"https:\/\/caboconcierge.com\/es\/nosotros\/","title":{"rendered":"Nosotros"},"content":{"rendered":"<h2 data-start=\"0\" data-end=\"358\"><span style=\"font-size: 20pt;\">Tu viaje, nuestra misi\u00f3n: lujo y tranquilidad en Los Cabos<\/span><\/h2>\n<p data-start=\"0\" data-end=\"358\"><strong>Cabo Concierge<\/strong> fue establecido en 2010 con el prop\u00f3sito de brindar un servicio personalizado que permita vivir un viaje sin estr\u00e9s, ahorrar tiempo y elevar la experiencia de viaje. A trav\u00e9s de nuestra red en constante expansi\u00f3n de socios y proveedores aprobados, <strong>Cabo Concierge<\/strong> puede atender cualquier solicitud en Los Cabos a los precios m\u00e1s competitivos.<\/p>\n<p data-start=\"360\" data-end=\"628\">Ya sea por negocios o vacaciones, queremos que te enfoques en lo verdaderamente importante, disfrutes el momento y tengas tranquilidad antes, durante y despu\u00e9s de tu visita. Nos encargamos hasta del m\u00e1s m\u00ednimo detalle para ayudarte a crear la aventura m\u00e1s memorable.<\/p>\n<p data-start=\"630\" data-end=\"779\">Encuentra tu nuevo lugar feliz y vive la experiencia que siempre has querido y mereces, donde el lujo, la exclusividad y la discreci\u00f3n se fusionan.<\/p>\n<h3 data-start=\"781\" data-end=\"811\"><span style=\"font-size: 14pt;\"><strong data-start=\"781\" data-end=\"811\" data-is-last-node=\"\">Todo est\u00e1 en los detalles<\/strong><\/span><\/h3>\n","protected":false},"excerpt":{"rendered":"Tu viaje, nuestra misi\u00f3n: lujo y tranquilidad en Los Cabos Cabo Concierge fue establecido en 2010 con el prop\u00f3sito de [&hellip;]","protected":false},"author":1,"featured_media":4783,"parent":0,"menu_order":0,"comment_status":"closed","ping_status":"closed","template":"Templates\/about-us.php","meta":{"_acf_changed":false,"footnotes":""},"categories":[],"class_list":["post-282","page","type-page","status-publish","has-post-thumbnail","hentry"],"acf":[],"_links":{"self":[{"href":"https:\/\/caboconcierge.com\/es\/wp-json\/wp\/v2\/pages\/282","targetHints":{"allow":["GET"]}}],"collection":[{"href":"https:\/\/caboconcierge.com\/es\/wp-json\/wp\/v2\/pages"}],"about":[{"href":"https:\/\/caboconcierge.com\/es\/wp-json\/wp\/v2\/types\/page"}],"author":[{"embeddable":true,"href":"https:\/\/caboconcierge.com\/es\/wp-json\/wp\/v2\/users\/1"}],"replies":[{"embeddable":true,"href":"https:\/\/caboconcierge.com\/es\/wp-json\/wp\/v2\/comments?post=282"}],"version-history":[{"count":0,"href":"https:\/\/caboconcierge.com\/es\/wp-json\/wp\/v2\/pages\/282\/revisions"}],"wp:featuredmedia":[{"embeddable":true,"href":"https:\/\/caboconcierge.com\/es\/wp-json\/wp\/v2\/media\/4783"}],"wp:attachment":[{"href":"https:\/\/caboconcierge.com\/es\/wp-json\/wp\/v2\/media?parent=282"}],"wp:term":[{"taxonomy":"category","embeddable":true,"href":"https:\/\/caboconcierge.com\/es\/wp-json\/wp\/v2\/categories?post=282"}],"curies":[{"name":"wp","href":"https:\/\/api.w.org\/{rel}","templated":true}]}}