{"id":297,"date":"2022-05-24T21:27:56","date_gmt":"2022-05-24T21:27:56","guid":{"rendered":"https:\/\/caboconcierge.com\/?page_id=297"},"modified":"2025-03-03T20:20:42","modified_gmt":"2025-03-03T20:20:42","slug":"preguntas-frecuentes","status":"publish","type":"page","link":"https:\/\/caboconcierge.com\/es\/preguntas-frecuentes\/","title":{"rendered":"Preguntas frecuentes"},"content":{"rendered":"<h2><span style=\"font-size: 12pt;\"><strong>\u00bfQu\u00e9 m\u00e9todos de pago existen?<\/strong><\/span><\/h2>\n<p>Contamos con <a href=\"https:\/\/www.paypal.com\/mx\/home\" target=\"_blank\" rel=\"noopener\"><strong>PayPal<\/strong><\/a> y <a href=\"https:\/\/stripe.com\/es\" target=\"_blank\" rel=\"noopener\"><strong>Stripe<\/strong><\/a> como m\u00e9todos de pago si deseas adquirir tu servicio desde nuestra web. Sin embargo, si deseas pagar en efectivo al momento de tu servicio o por link de pago puedes contactarnos a <a href=\"mailto:reservations@caboconcierge.com\">reservations@caboconcierge.com.<\/a><\/p>\n<hr \/>\n<h3><span style=\"font-size: 12pt;\"><strong>\u00bfTienen oficina?<\/strong><\/span><\/h3>\n<p>S\u00ed, nuestra oficina se encuentra <a href=\"https:\/\/maps.app.goo.gl\/LVDni3RDQTKg717SA\" target=\"_blank\" rel=\"noopener\">Calle. Colonia Abajo Maz. 1 Lt. 1, Fraccionamiento Colinas Plus, San Jose\u0301 del Cabo, Baja California Sur, Me\u0301xico, CP. 23444.<\/a><\/p>\n<hr \/>\n<h4><span style=\"font-size: 12pt;\"><strong>\u00bfQu\u00e9 zonas abarcan sus servicios?<\/strong><\/span><\/h4>\n<p>Nuestra misi\u00f3n es que tu no te preocupes por nada, nuestro servicio de concierge integral abarca Cabo San Lucas, San Jos\u00e9 del Cabo, La Paz, Todo Santos y Cabo Pulmo principalmente. Sin embargo, podemos conseguir actividades y servicios tur\u00edsticos en todo Baja California Sur.<\/p>\n<hr \/>\n<h5><span style=\"font-size: 12pt;\"><strong>\u00bfTienen m\u00e1s servicios a parte de los que ofrecen en p\u00e1gina web?<\/strong><\/span><\/h5>\n<p>S\u00ed, en p\u00e1gina web tenemos aquellos servicios que son m\u00e1s demandado, sin embargo, cualquier requerimiento o servicio en espec\u00edfico requerido se brinda de forma directa con nuestros concierge. Conseguir una reservaci\u00f3n en restaurante, masajes o manicure, jardiner\u00eda, un ramo de rosas, supermercado, etc.<\/p>\n","protected":false},"excerpt":{"rendered":"\u00bfQu\u00e9 m\u00e9todos de pago existen? Contamos con PayPal y Stripe como m\u00e9todos de pago si deseas adquirir tu servicio desde [&hellip;]","protected":false},"author":1,"featured_media":4779,"parent":0,"menu_order":0,"comment_status":"closed","ping_status":"closed","template":"Templates\/faqs.php","meta":{"_acf_changed":false,"footnotes":""},"categories":[],"class_list":["post-297","page","type-page","status-publish","has-post-thumbnail","hentry"],"acf":[],"_links":{"self":[{"href":"https:\/\/caboconcierge.com\/es\/wp-json\/wp\/v2\/pages\/297","targetHints":{"allow":["GET"]}}],"collection":[{"href":"https:\/\/caboconcierge.com\/es\/wp-json\/wp\/v2\/pages"}],"about":[{"href":"https:\/\/caboconcierge.com\/es\/wp-json\/wp\/v2\/types\/page"}],"author":[{"embeddable":true,"href":"https:\/\/caboconcierge.com\/es\/wp-json\/wp\/v2\/users\/1"}],"replies":[{"embeddable":true,"href":"https:\/\/caboconcierge.com\/es\/wp-json\/wp\/v2\/comments?post=297"}],"version-history":[{"count":0,"href":"https:\/\/caboconcierge.com\/es\/wp-json\/wp\/v2\/pages\/297\/revisions"}],"wp:featuredmedia":[{"embeddable":true,"href":"https:\/\/caboconcierge.com\/es\/wp-json\/wp\/v2\/media\/4779"}],"wp:attachment":[{"href":"https:\/\/caboconcierge.com\/es\/wp-json\/wp\/v2\/media?parent=297"}],"wp:term":[{"taxonomy":"category","embeddable":true,"href":"https:\/\/caboconcierge.com\/es\/wp-json\/wp\/v2\/categories?post=297"}],"curies":[{"name":"wp","href":"https:\/\/api.w.org\/{rel}","templated":true}]}}